{"id":734,"date":"2024-07-18T11:33:53","date_gmt":"2024-07-18T09:33:53","guid":{"rendered":"https:\/\/traduccionjegt.com\/services\/"},"modified":"2024-08-14T11:23:22","modified_gmt":"2024-08-14T09:23:22","slug":"services","status":"publish","type":"page","link":"https:\/\/traduccionjegt.es\/fr\/services\/","title":{"rendered":"Services"},"content":{"rendered":"\t\t<div data-elementor-type=\"wp-page\" data-elementor-id=\"734\" class=\"elementor elementor-734 elementor-194\" data-elementor-post-type=\"page\">\n\t\t\t\t<div class=\"elementor-element elementor-element-7edfa756 e-con-full e-flex e-con e-parent\" data-id=\"7edfa756\" data-element_type=\"container\" data-e-type=\"container\" data-settings=\"{&quot;background_background&quot;:&quot;classic&quot;}\">\n\t\t<div class=\"elementor-element elementor-element-44cd0434 e-con-full e-flex e-con e-child\" data-id=\"44cd0434\" data-element_type=\"container\" data-e-type=\"container\" data-settings=\"{&quot;background_background&quot;:&quot;classic&quot;}\">\n\t\t<div class=\"elementor-element elementor-element-3994b28a e-con-full e-flex e-con e-child\" data-id=\"3994b28a\" data-element_type=\"container\" data-e-type=\"container\">\n\t\t\t\t<div class=\"elementor-element elementor-element-511f6442 elementor-widget elementor-widget-heading\" data-id=\"511f6442\" data-element_type=\"widget\" data-e-type=\"widget\" data-widget_type=\"heading.default\">\n\t\t\t\t\t<h2 class=\"elementor-heading-title elementor-size-default\">Services<\/h2>\t\t\t\t<\/div>\n\t\t\t\t<\/div>\n\t\t\t\t<\/div>\n\t\t\t\t<\/div>\n\t\t<div class=\"elementor-element elementor-element-2571ba5 e-flex e-con-boxed e-con e-parent\" data-id=\"2571ba5\" data-element_type=\"container\" data-e-type=\"container\" data-settings=\"{&quot;background_background&quot;:&quot;classic&quot;}\">\n\t\t\t\t\t<div class=\"e-con-inner\">\n\t\t<div class=\"elementor-element elementor-element-5bfe469b e-con-full e-flex e-con e-child\" data-id=\"5bfe469b\" data-element_type=\"container\" data-e-type=\"container\" id=\"servicios\">\n\t\t\t\t<div class=\"elementor-element elementor-element-20c8ea44 elementor-widget elementor-widget-heading\" data-id=\"20c8ea44\" data-element_type=\"widget\" data-e-type=\"widget\" data-widget_type=\"heading.default\">\n\t\t\t\t\t<h2 class=\"elementor-heading-title elementor-size-default\">Audiodescription<\/h2>\t\t\t\t<\/div>\n\t\t\t\t<div class=\"elementor-element elementor-element-363c586 elementor-widget__width-initial elementor-widget elementor-widget-text-editor\" data-id=\"363c586\" data-element_type=\"widget\" data-e-type=\"widget\" data-widget_type=\"text-editor.default\">\n\t\t\t\t\t\t\t\t\t<p>L&rsquo;audiodescription ne se limite pas \u00e0 la narration de ce qui est \u00e0 l&rsquo;\u00e9cran ; elle prend \u00e9galement en compte les dialogues, le son et l&rsquo;intonation. En respectant la r\u00e9glementation et les lignes directrices pour l\u2019audiodescription et l\u2019\u00e9tablissement d\u2019audio guides (UNE 153020:2005) et en suivant les recommandations des experts, je m&rsquo;efforce de fournir des scripts d&rsquo;audiodescription de qualit\u00e9 sup\u00e9rieure. <br \/> Les adaptations pour les personnes aveugles ou malvoyants exigent une compr\u00e9hension approfondie de la langue, des besoins du public et des nuances de la communication audiovisuelle, ainsi que des strat\u00e9gies de traduction sp\u00e9cialis\u00e9es.<\/p>\n\t\t\t\t\t\t\t\t<\/div>\n\t\t\t\t<div class=\"elementor-element elementor-element-121f9e80 elementor-widget elementor-widget-heading\" data-id=\"121f9e80\" data-element_type=\"widget\" data-e-type=\"widget\" data-widget_type=\"heading.default\">\n\t\t\t\t\t<h2 class=\"elementor-heading-title elementor-size-default\">Sous-titrage pour sourds et malentendants (SME)<\/h2>\t\t\t\t<\/div>\n\t\t\t\t<div class=\"elementor-element elementor-element-5028a14d elementor-widget__width-initial elementor-widget elementor-widget-text-editor\" data-id=\"5028a14d\" data-element_type=\"widget\" data-e-type=\"widget\" data-widget_type=\"text-editor.default\">\n\t\t\t\t\t\t\t\t\t<p>Ce service consiste \u00e0 inclure dans les sous-titres des d\u00e9tails qui pourraient \u00e9chapper aux personnes malentendantes, tels que l&rsquo;intonation ou des effets sonores suppl\u00e9mentaires dans le dialogue. Il suit les directives de la norme UNE 153010:2012. <\/p>\n\t\t\t\t\t\t\t\t<\/div>\n\t\t\t\t<div class=\"elementor-element elementor-element-46f4abc4 elementor-widget elementor-widget-heading\" data-id=\"46f4abc4\" data-element_type=\"widget\" data-e-type=\"widget\" data-widget_type=\"heading.default\">\n\t\t\t\t\t<h2 class=\"elementor-heading-title elementor-size-default\">Traduction pour le doublage et les voix off EN&gt;ES et FR&gt;ES<\/h2>\t\t\t\t<\/div>\n\t\t\t\t<div class=\"elementor-element elementor-element-a22644b elementor-widget elementor-widget-menu-anchor\" data-id=\"a22644b\" data-element_type=\"widget\" data-e-type=\"widget\" data-widget_type=\"menu-anchor.default\">\n\t\t\t\t\t\t\t<div class=\"elementor-menu-anchor\" id=\"sous-titre\"><\/div>\n\t\t\t\t\t\t<\/div>\n\t\t\t\t<div class=\"elementor-element elementor-element-6a785bb6 elementor-widget__width-initial elementor-widget elementor-widget-text-editor\" data-id=\"6a785bb6\" data-element_type=\"widget\" data-e-type=\"widget\" data-widget_type=\"text-editor.default\">\n\t\t\t\t\t\t\t\t\t<p>Traduction de scripts de doublage. <br \/>Traduction de scripts de voix off. <br \/>R\u00e9vision linguistique en espagnol. <br \/>Contr\u00f4le de la qualit\u00e9. <br \/>Traduction de mat\u00e9riel promotionnel.<\/p>\n\t\t\t\t\t\t\t\t<\/div>\n\t\t\t\t<div class=\"elementor-element elementor-element-317ff46f elementor-widget elementor-widget-heading\" data-id=\"317ff46f\" data-element_type=\"widget\" data-e-type=\"widget\" data-widget_type=\"heading.default\">\n\t\t\t\t\t<h2 class=\"elementor-heading-title elementor-size-default\">Sous-titrage<\/h2>\t\t\t\t<\/div>\n\t\t\t\t<div class=\"elementor-element elementor-element-64bd839a elementor-widget__width-initial elementor-widget elementor-widget-text-editor\" data-id=\"64bd839a\" data-element_type=\"widget\" data-e-type=\"widget\" data-widget_type=\"text-editor.default\">\n\t\t\t\t\t\t\t\t\t<p>Traduction de sous-titres EN&gt;ES et FR&gt;ES.<br \/>Cr\u00e9ation de mod\u00e8les. <br \/>Contr\u00f4le de la qualit\u00e9. <br \/>Exportation dans les formats courants (.srt, .stl, .sub et bien d&rsquo;autres).<\/p>\t\t\t\t\t\t\t\t<\/div>\n\t\t\t\t<\/div>\n\t\t<div class=\"elementor-element elementor-element-5fe1ebd7 e-con-full e-flex e-con e-child\" data-id=\"5fe1ebd7\" data-element_type=\"container\" data-e-type=\"container\">\n\t\t\t\t<div class=\"elementor-element elementor-element-48d10373 elementor-widget elementor-widget-image\" data-id=\"48d10373\" data-element_type=\"widget\" data-e-type=\"widget\" data-widget_type=\"image.default\">\n\t\t\t\t\t\t\t\t\t\t\t\t\t\t\t<img fetchpriority=\"high\" decoding=\"async\" width=\"600\" height=\"324\" src=\"https:\/\/traduccionjegt.es\/wp-content\/uploads\/2024\/07\/traduccion-subtitulado.png\" class=\"attachment-full size-full wp-image-657\" alt=\"\" srcset=\"https:\/\/traduccionjegt.es\/wp-content\/uploads\/2024\/07\/traduccion-subtitulado.png 600w, https:\/\/traduccionjegt.es\/wp-content\/uploads\/2024\/07\/traduccion-subtitulado-300x162.png 300w\" sizes=\"(max-width: 600px) 100vw, 600px\" \/>\t\t\t\t\t\t\t\t\t\t\t\t\t\t\t<\/div>\n\t\t\t\t<div class=\"elementor-element elementor-element-512748a3 elementor-widget elementor-widget-image\" data-id=\"512748a3\" data-element_type=\"widget\" data-e-type=\"widget\" data-widget_type=\"image.default\">\n\t\t\t\t\t\t\t\t\t\t\t\t\t\t\t<img decoding=\"async\" width=\"600\" height=\"598\" src=\"https:\/\/traduccionjegt.es\/wp-content\/uploads\/2024\/07\/traductor-accesible.png\" class=\"attachment-full size-full wp-image-659\" alt=\"\" srcset=\"https:\/\/traduccionjegt.es\/wp-content\/uploads\/2024\/07\/traductor-accesible.png 600w, https:\/\/traduccionjegt.es\/wp-content\/uploads\/2024\/07\/traductor-accesible-300x300.png 300w, https:\/\/traduccionjegt.es\/wp-content\/uploads\/2024\/07\/traductor-accesible-150x150.png 150w\" sizes=\"(max-width: 600px) 100vw, 600px\" \/>\t\t\t\t\t\t\t\t\t\t\t\t\t\t\t<\/div>\n\t\t\t\t<\/div>\n\t\t\t\t\t<\/div>\n\t\t\t\t<\/div>\n\t\t<div class=\"elementor-element elementor-element-30a2299a e-flex e-con-boxed e-con e-parent\" data-id=\"30a2299a\" data-element_type=\"container\" data-e-type=\"container\" data-settings=\"{&quot;background_background&quot;:&quot;classic&quot;}\">\n\t\t\t\t\t<div class=\"e-con-inner\">\n\t\t<div class=\"elementor-element elementor-element-1d9c1978 e-con-full e-flex e-con e-child\" data-id=\"1d9c1978\" data-element_type=\"container\" data-e-type=\"container\">\n\t\t\t\t<div class=\"elementor-element elementor-element-7df1cb98 elementor-widget elementor-widget-image\" data-id=\"7df1cb98\" data-element_type=\"widget\" data-e-type=\"widget\" data-widget_type=\"image.default\">\n\t\t\t\t\t\t\t\t\t\t\t\t\t\t\t<img decoding=\"async\" width=\"600\" height=\"598\" src=\"https:\/\/traduccionjegt.es\/wp-content\/uploads\/2024\/07\/transcripcion-audiovisual.png\" class=\"attachment-full size-full wp-image-661\" alt=\"\" srcset=\"https:\/\/traduccionjegt.es\/wp-content\/uploads\/2024\/07\/transcripcion-audiovisual.png 600w, https:\/\/traduccionjegt.es\/wp-content\/uploads\/2024\/07\/transcripcion-audiovisual-300x300.png 300w, https:\/\/traduccionjegt.es\/wp-content\/uploads\/2024\/07\/transcripcion-audiovisual-150x150.png 150w\" sizes=\"(max-width: 600px) 100vw, 600px\" \/>\t\t\t\t\t\t\t\t\t\t\t\t\t\t\t<\/div>\n\t\t\t\t<div class=\"elementor-element elementor-element-6aed07d elementor-widget elementor-widget-image\" data-id=\"6aed07d\" data-element_type=\"widget\" data-e-type=\"widget\" data-widget_type=\"image.default\">\n\t\t\t\t\t\t\t\t\t\t\t\t\t\t\t<img loading=\"lazy\" decoding=\"async\" width=\"600\" height=\"324\" src=\"https:\/\/traduccionjegt.es\/wp-content\/uploads\/2024\/07\/traduccion-de-documentos.png\" class=\"attachment-full size-full wp-image-655\" alt=\"\" srcset=\"https:\/\/traduccionjegt.es\/wp-content\/uploads\/2024\/07\/traduccion-de-documentos.png 600w, https:\/\/traduccionjegt.es\/wp-content\/uploads\/2024\/07\/traduccion-de-documentos-300x162.png 300w\" sizes=\"(max-width: 600px) 100vw, 600px\" \/>\t\t\t\t\t\t\t\t\t\t\t\t\t\t\t<\/div>\n\t\t\t\t<\/div>\n\t\t<div class=\"elementor-element elementor-element-4cd33d9c e-con-full e-flex e-con e-child\" data-id=\"4cd33d9c\" data-element_type=\"container\" data-e-type=\"container\">\n\t\t\t\t<div class=\"elementor-element elementor-element-1ace08e7 elementor-widget elementor-widget-heading\" data-id=\"1ace08e7\" data-element_type=\"widget\" data-e-type=\"widget\" data-widget_type=\"heading.default\">\n\t\t\t\t\t<h2 class=\"elementor-heading-title elementor-size-default\">Traduction de documents<\/h2>\t\t\t\t<\/div>\n\t\t\t\t<div class=\"elementor-element elementor-element-716d522d elementor-widget__width-initial elementor-widget elementor-widget-text-editor\" data-id=\"716d522d\" data-element_type=\"widget\" data-e-type=\"widget\" data-widget_type=\"text-editor.default\">\n\t\t\t\t\t\t\t\t\t<p>Post-\u00e9dition.<br \/> Correction linguistique. <br \/>Relecture<br \/> Licence Trados Studio.<\/p>\n\t\t\t\t\t\t\t\t<\/div>\n\t\t\t\t<div class=\"elementor-element elementor-element-3ec5d476 elementor-widget elementor-widget-heading\" data-id=\"3ec5d476\" data-element_type=\"widget\" data-e-type=\"widget\" data-widget_type=\"heading.default\">\n\t\t\t\t\t<h2 class=\"elementor-heading-title elementor-size-default\">Transcription<\/h2>\t\t\t\t<\/div>\n\t\t\t\t<div class=\"elementor-element elementor-element-4c32defe elementor-widget__width-initial elementor-widget elementor-widget-text-editor\" data-id=\"4c32defe\" data-element_type=\"widget\" data-e-type=\"widget\" data-widget_type=\"text-editor.default\">\n\t\t\t\t\t\t\t\t\t<p>Transcription en espagnol.<\/p>\n\t\t\t\t\t\t\t\t<\/div>\n\t\t\t\t<div class=\"elementor-element elementor-element-21d61448 elementor-widget elementor-widget-heading\" data-id=\"21d61448\" data-element_type=\"widget\" data-e-type=\"widget\" data-widget_type=\"heading.default\">\n\t\t\t\t\t<h2 class=\"elementor-heading-title elementor-size-default\">Localisation de sites web et d'applications.<\/h2>\t\t\t\t<\/div>\n\t\t\t\t<div class=\"elementor-element elementor-element-fbd4404 elementor-widget elementor-widget-menu-anchor\" data-id=\"fbd4404\" data-element_type=\"widget\" data-e-type=\"widget\" data-widget_type=\"menu-anchor.default\">\n\t\t\t\t\t\t\t<div class=\"elementor-menu-anchor\" id=\"guide\"><\/div>\n\t\t\t\t\t\t<\/div>\n\t\t\t\t<div class=\"elementor-element elementor-element-248c299d elementor-widget__width-initial elementor-widget elementor-widget-text-editor\" data-id=\"248c299d\" data-element_type=\"widget\" data-e-type=\"widget\" data-widget_type=\"text-editor.default\">\n\t\t\t\t\t\t\t\t\t<p>Traduction de textes pour les march\u00e9s nationaux et internationaux. <br \/>Relecture. <br \/>Post-\u00e9dition.<\/p>\n\t\t\t\t\t\t\t\t<\/div>\n\t\t\t\t<div class=\"elementor-element elementor-element-699cb15 elementor-widget elementor-widget-heading\" data-id=\"699cb15\" data-element_type=\"widget\" data-e-type=\"widget\" data-widget_type=\"heading.default\">\n\t\t\t\t\t<h2 class=\"elementor-heading-title elementor-size-default\">Audioguides pour mus\u00e9es<\/h2>\t\t\t\t<\/div>\n\t\t\t\t<div class=\"elementor-element elementor-element-374be86e elementor-widget__width-initial elementor-widget elementor-widget-text-editor\" data-id=\"374be86e\" data-element_type=\"widget\" data-e-type=\"widget\" data-widget_type=\"text-editor.default\">\n\t\t\t\t\t\t\t\t\t<p>Cr\u00e9ation d&rsquo;audioguides g\u00e9n\u00e9raux.<br \/> Cr\u00e9ation d&rsquo;audioguides pour les personnes aveugles. <br \/>Cr\u00e9ation d&rsquo;audioguides pour les personnes handicap\u00e9es mentales. <br \/>Visites guid\u00e9es de mus\u00e9es.<\/p>\n\t\t\t\t\t\t\t\t<\/div>\n\t\t\t\t<div class=\"elementor-element elementor-element-22428ca elementor-widget elementor-widget-heading\" data-id=\"22428ca\" data-element_type=\"widget\" data-e-type=\"widget\" data-widget_type=\"heading.default\">\n\t\t\t\t\t<h2 class=\"elementor-heading-title elementor-size-default\">Bien plus encore<\/h2>\t\t\t\t<\/div>\n\t\t\t\t<div class=\"elementor-element elementor-element-577d3289 elementor-widget__width-initial elementor-widget elementor-widget-text-editor\" data-id=\"577d3289\" data-element_type=\"widget\" data-e-type=\"widget\" data-widget_type=\"text-editor.default\">\n\t\t\t\t\t\t\t\t\t<p>Traduction pour le marketing.<br \/> Traduction du contenu des m\u00e9dias sociaux.<br \/> R\u00e9daction de textes.<\/p>\n\t\t\t\t\t\t\t\t<\/div>\n\t\t\t\t<\/div>\n\t\t\t\t\t<\/div>\n\t\t\t\t<\/div>\n\t\t<div class=\"elementor-element elementor-element-552ca912 e-flex e-con-boxed e-con e-parent\" data-id=\"552ca912\" data-element_type=\"container\" data-e-type=\"container\" data-settings=\"{&quot;background_background&quot;:&quot;classic&quot;}\">\n\t\t\t\t\t<div class=\"e-con-inner\">\n\t\t\t\t<div class=\"elementor-element elementor-element-4a8dc918 elementor-widget__width-initial elementor-widget elementor-widget-heading\" data-id=\"4a8dc918\" data-element_type=\"widget\" data-e-type=\"widget\" data-widget_type=\"heading.default\">\n\t\t\t\t\t<h2 class=\"elementor-heading-title elementor-size-default\">Si, apr\u00e8s avoir fait un peu connaissance, vous pensez que je peux vous donner un coup de main dans un projet, vous pouvez me contacter.<\/h2>\t\t\t\t<\/div>\n\t\t\t\t<div class=\"elementor-element elementor-element-41b3b787 elementor-widget elementor-widget-button\" data-id=\"41b3b787\" data-element_type=\"widget\" data-e-type=\"widget\" data-widget_type=\"button.default\">\n\t\t\t\t\t\t\t\t\t\t<a class=\"elementor-button elementor-button-link elementor-size-sm\" href=\"https:\/\/traduccionjegt.es\/fr\/contact\/\">\n\t\t\t\t\t\t<span class=\"elementor-button-content-wrapper\">\n\t\t\t\t\t\t<span class=\"elementor-button-icon\">\n\t\t\t\t<i aria-hidden=\"true\" class=\"icon icon-right-arrow\"><\/i>\t\t\t<\/span>\n\t\t\t\t\t\t\t\t\t<span class=\"elementor-button-text\">Me contacter<\/span>\n\t\t\t\t\t<\/span>\n\t\t\t\t\t<\/a>\n\t\t\t\t\t\t\t\t<\/div>\n\t\t\t\t\t<\/div>\n\t\t\t\t<\/div>\n\t\t\t\t<\/div>\n\t\t","protected":false},"excerpt":{"rendered":"<p>Services Audiodescription L&rsquo;audiodescription ne se limite pas \u00e0 la narration de ce qui est \u00e0 l&rsquo;\u00e9cran ; elle prend \u00e9galement en compte les dialogues, le son et l&rsquo;intonation. En respectant la r\u00e9glementation et les lignes directrices pour l\u2019audiodescription et l\u2019\u00e9tablissement d\u2019audio guides (UNE 153020:2005) et en suivant les recommandations des experts, je m&rsquo;efforce de fournir [&hellip;]<\/p>\n","protected":false},"author":1,"featured_media":0,"parent":0,"menu_order":0,"comment_status":"closed","ping_status":"closed","template":"elementor_header_footer","meta":{"footnotes":""},"class_list":["post-734","page","type-page","status-publish","hentry"],"yoast_head":"<!-- This site is optimized with the Yoast SEO plugin v27.4 - https:\/\/yoast.com\/product\/yoast-seo-wordpress\/ -->\n<title>Services - Traducci\u00f3n JEGT<\/title>\n<meta name=\"robots\" content=\"index, follow, max-snippet:-1, max-image-preview:large, max-video-preview:-1\" \/>\n<link rel=\"canonical\" href=\"https:\/\/traduccionjegt.es\/fr\/services\/\" \/>\n<meta property=\"og:locale\" content=\"fr_FR\" \/>\n<meta property=\"og:type\" content=\"article\" \/>\n<meta property=\"og:title\" content=\"Services - Traducci\u00f3n JEGT\" \/>\n<meta property=\"og:description\" content=\"Services Audiodescription L&rsquo;audiodescription ne se limite pas \u00e0 la narration de ce qui est \u00e0 l&rsquo;\u00e9cran ; elle prend \u00e9galement en compte les dialogues, le son et l&rsquo;intonation. En respectant la r\u00e9glementation et les lignes directrices pour l\u2019audiodescription et l\u2019\u00e9tablissement d\u2019audio guides (UNE 153020:2005) et en suivant les recommandations des experts, je m&rsquo;efforce de fournir [&hellip;]\" \/>\n<meta property=\"og:url\" content=\"https:\/\/traduccionjegt.es\/fr\/services\/\" \/>\n<meta property=\"og:site_name\" content=\"Traducci\u00f3n JEGT\" \/>\n<meta property=\"article:modified_time\" content=\"2024-08-14T09:23:22+00:00\" \/>\n<meta property=\"og:image\" content=\"https:\/\/traduccionjegt.es\/wp-content\/uploads\/2024\/07\/traduccion-subtitulado.png\" \/>\n<meta name=\"twitter:card\" content=\"summary_large_image\" \/>\n<meta name=\"twitter:label1\" content=\"Dur\u00e9e de lecture estim\u00e9e\" \/>\n\t<meta name=\"twitter:data1\" content=\"3 minutes\" \/>\n<script type=\"application\/ld+json\" class=\"yoast-schema-graph\">{\"@context\":\"https:\\\/\\\/schema.org\",\"@graph\":[{\"@type\":\"WebPage\",\"@id\":\"https:\\\/\\\/traduccionjegt.es\\\/fr\\\/services\\\/\",\"url\":\"https:\\\/\\\/traduccionjegt.es\\\/fr\\\/services\\\/\",\"name\":\"Services - Traducci\u00f3n JEGT\",\"isPartOf\":{\"@id\":\"https:\\\/\\\/traduccionjegt.es\\\/#website\"},\"primaryImageOfPage\":{\"@id\":\"https:\\\/\\\/traduccionjegt.es\\\/fr\\\/services\\\/#primaryimage\"},\"image\":{\"@id\":\"https:\\\/\\\/traduccionjegt.es\\\/fr\\\/services\\\/#primaryimage\"},\"thumbnailUrl\":\"https:\\\/\\\/traduccionjegt.es\\\/wp-content\\\/uploads\\\/2024\\\/07\\\/traduccion-subtitulado.png\",\"datePublished\":\"2024-07-18T09:33:53+00:00\",\"dateModified\":\"2024-08-14T09:23:22+00:00\",\"breadcrumb\":{\"@id\":\"https:\\\/\\\/traduccionjegt.es\\\/fr\\\/services\\\/#breadcrumb\"},\"inLanguage\":\"fr-FR\",\"potentialAction\":[{\"@type\":\"ReadAction\",\"target\":[\"https:\\\/\\\/traduccionjegt.es\\\/fr\\\/services\\\/\"]}]},{\"@type\":\"ImageObject\",\"inLanguage\":\"fr-FR\",\"@id\":\"https:\\\/\\\/traduccionjegt.es\\\/fr\\\/services\\\/#primaryimage\",\"url\":\"https:\\\/\\\/traduccionjegt.es\\\/wp-content\\\/uploads\\\/2024\\\/07\\\/traduccion-subtitulado.png\",\"contentUrl\":\"https:\\\/\\\/traduccionjegt.es\\\/wp-content\\\/uploads\\\/2024\\\/07\\\/traduccion-subtitulado.png\"},{\"@type\":\"BreadcrumbList\",\"@id\":\"https:\\\/\\\/traduccionjegt.es\\\/fr\\\/services\\\/#breadcrumb\",\"itemListElement\":[{\"@type\":\"ListItem\",\"position\":1,\"name\":\"Portada\",\"item\":\"https:\\\/\\\/traduccionjegt.es\\\/fr\\\/home\\\/\"},{\"@type\":\"ListItem\",\"position\":2,\"name\":\"Services\"}]},{\"@type\":\"WebSite\",\"@id\":\"https:\\\/\\\/traduccionjegt.es\\\/#website\",\"url\":\"https:\\\/\\\/traduccionjegt.es\\\/\",\"name\":\"Traducci\u00f3n JEGT\",\"description\":\"\",\"potentialAction\":[{\"@type\":\"SearchAction\",\"target\":{\"@type\":\"EntryPoint\",\"urlTemplate\":\"https:\\\/\\\/traduccionjegt.es\\\/?s={search_term_string}\"},\"query-input\":{\"@type\":\"PropertyValueSpecification\",\"valueRequired\":true,\"valueName\":\"search_term_string\"}}],\"inLanguage\":\"fr-FR\"}]}<\/script>\n<!-- \/ Yoast SEO plugin. -->","yoast_head_json":{"title":"Services - Traducci\u00f3n JEGT","robots":{"index":"index","follow":"follow","max-snippet":"max-snippet:-1","max-image-preview":"max-image-preview:large","max-video-preview":"max-video-preview:-1"},"canonical":"https:\/\/traduccionjegt.es\/fr\/services\/","og_locale":"fr_FR","og_type":"article","og_title":"Services - Traducci\u00f3n JEGT","og_description":"Services Audiodescription L&rsquo;audiodescription ne se limite pas \u00e0 la narration de ce qui est \u00e0 l&rsquo;\u00e9cran ; elle prend \u00e9galement en compte les dialogues, le son et l&rsquo;intonation. En respectant la r\u00e9glementation et les lignes directrices pour l\u2019audiodescription et l\u2019\u00e9tablissement d\u2019audio guides (UNE 153020:2005) et en suivant les recommandations des experts, je m&rsquo;efforce de fournir [&hellip;]","og_url":"https:\/\/traduccionjegt.es\/fr\/services\/","og_site_name":"Traducci\u00f3n JEGT","article_modified_time":"2024-08-14T09:23:22+00:00","og_image":[{"url":"https:\/\/traduccionjegt.es\/wp-content\/uploads\/2024\/07\/traduccion-subtitulado.png","type":"","width":"","height":""}],"twitter_card":"summary_large_image","twitter_misc":{"Dur\u00e9e de lecture estim\u00e9e":"3 minutes"},"schema":{"@context":"https:\/\/schema.org","@graph":[{"@type":"WebPage","@id":"https:\/\/traduccionjegt.es\/fr\/services\/","url":"https:\/\/traduccionjegt.es\/fr\/services\/","name":"Services - Traducci\u00f3n JEGT","isPartOf":{"@id":"https:\/\/traduccionjegt.es\/#website"},"primaryImageOfPage":{"@id":"https:\/\/traduccionjegt.es\/fr\/services\/#primaryimage"},"image":{"@id":"https:\/\/traduccionjegt.es\/fr\/services\/#primaryimage"},"thumbnailUrl":"https:\/\/traduccionjegt.es\/wp-content\/uploads\/2024\/07\/traduccion-subtitulado.png","datePublished":"2024-07-18T09:33:53+00:00","dateModified":"2024-08-14T09:23:22+00:00","breadcrumb":{"@id":"https:\/\/traduccionjegt.es\/fr\/services\/#breadcrumb"},"inLanguage":"fr-FR","potentialAction":[{"@type":"ReadAction","target":["https:\/\/traduccionjegt.es\/fr\/services\/"]}]},{"@type":"ImageObject","inLanguage":"fr-FR","@id":"https:\/\/traduccionjegt.es\/fr\/services\/#primaryimage","url":"https:\/\/traduccionjegt.es\/wp-content\/uploads\/2024\/07\/traduccion-subtitulado.png","contentUrl":"https:\/\/traduccionjegt.es\/wp-content\/uploads\/2024\/07\/traduccion-subtitulado.png"},{"@type":"BreadcrumbList","@id":"https:\/\/traduccionjegt.es\/fr\/services\/#breadcrumb","itemListElement":[{"@type":"ListItem","position":1,"name":"Portada","item":"https:\/\/traduccionjegt.es\/fr\/home\/"},{"@type":"ListItem","position":2,"name":"Services"}]},{"@type":"WebSite","@id":"https:\/\/traduccionjegt.es\/#website","url":"https:\/\/traduccionjegt.es\/","name":"Traducci\u00f3n JEGT","description":"","potentialAction":[{"@type":"SearchAction","target":{"@type":"EntryPoint","urlTemplate":"https:\/\/traduccionjegt.es\/?s={search_term_string}"},"query-input":{"@type":"PropertyValueSpecification","valueRequired":true,"valueName":"search_term_string"}}],"inLanguage":"fr-FR"}]}},"_links":{"self":[{"href":"https:\/\/traduccionjegt.es\/fr\/wp-json\/wp\/v2\/pages\/734","targetHints":{"allow":["GET"]}}],"collection":[{"href":"https:\/\/traduccionjegt.es\/fr\/wp-json\/wp\/v2\/pages"}],"about":[{"href":"https:\/\/traduccionjegt.es\/fr\/wp-json\/wp\/v2\/types\/page"}],"author":[{"embeddable":true,"href":"https:\/\/traduccionjegt.es\/fr\/wp-json\/wp\/v2\/users\/1"}],"replies":[{"embeddable":true,"href":"https:\/\/traduccionjegt.es\/fr\/wp-json\/wp\/v2\/comments?post=734"}],"version-history":[{"count":4,"href":"https:\/\/traduccionjegt.es\/fr\/wp-json\/wp\/v2\/pages\/734\/revisions"}],"predecessor-version":[{"id":743,"href":"https:\/\/traduccionjegt.es\/fr\/wp-json\/wp\/v2\/pages\/734\/revisions\/743"}],"wp:attachment":[{"href":"https:\/\/traduccionjegt.es\/fr\/wp-json\/wp\/v2\/media?parent=734"}],"curies":[{"name":"wp","href":"https:\/\/api.w.org\/{rel}","templated":true}]}}